{"id":44,"date":"2014-10-31T15:07:28","date_gmt":"2014-10-31T13:07:28","guid":{"rendered":"http:\/\/kuruman-gliding-camp.de\/wp\/?page_id=44"},"modified":"2014-10-31T23:28:14","modified_gmt":"2014-10-31T21:28:14","slug":"kultur","status":"publish","type":"page","link":"http:\/\/kuruman-gliding-camp.de\/?page_id=44","title":{"rendered":"Kultur"},"content":{"rendered":"<p>Sollte das Wetter nicht zum Fliegen einladen, bietet die Stadt in n\u00e4herer Umgebung (das sind bis 100 km) hinreichend M\u00f6glichkeiten zum erweiterten Kennenlernen des Landes.<br \/>\nIn der Stadt selbst beschreibt die Moffat-Mission die Gr\u00fcndungsphase des Ortes.<br \/>\n\u00c4hnliches kann man beim Besuch der \u201eWonderwerk Cave\u201c erfahren.<br \/>\nDar\u00fcber hinaus bieten mehrere Lodges in unmittelbarer Umgebung Safaris mit einem gastronomischen Beiprogramm auf hohem Niveau an.<\/p>\n<p>Unbedingt sollte man einen Eindruck von den Erzminen der n\u00e4heren Umgebung bekommen.<br \/>\nDie gr\u00f6\u00dfte Tagebauerzmine der Welt befindet sich in Sishen, ca. 50 km westlich von Kuruman.<br \/>\nIm \u00e4hnlichen Umkreis gibt es Minen, welche Manganit und Diamanten f\u00f6rdern.<br \/>\nAll das ist schon aus der Luft beeindruckend &#8211; ein Besuch auf Anmeldung steigert diese Wahrnehmung noch.<\/p>\n<p>Wer afrikanische Lebensweise \u201elife\u201c erleben will, sollte sich die t\u00e4glich bei Sonnenuntergang beginnenden Grillpartys der schwarzen Bev\u00f6lkerung im Stadtpark von Kuruman nicht entgehen lassen.<\/p>\n<p><a href=\"http:\/\/kuruman-gliding-camp.de\/wp-content\/uploads\/2014\/10\/Bild-2-110.jpg\"><img decoding=\"async\" loading=\"lazy\" class=\"alignnone size-full wp-image-136\" src=\"http:\/\/kuruman-gliding-camp.de\/wp-content\/uploads\/2014\/10\/Bild-2-110.jpg\" alt=\"Bild-2-110\" width=\"640\" height=\"480\" srcset=\"http:\/\/kuruman-gliding-camp.de\/wp-content\/uploads\/2014\/10\/Bild-2-110.jpg 640w, http:\/\/kuruman-gliding-camp.de\/wp-content\/uploads\/2014\/10\/Bild-2-110-150x112.jpg 150w\" sizes=\"(max-width: 640px) 100vw, 640px\" \/><\/a><\/p>\n","protected":false},"excerpt":{"rendered":"<p>Sollte das Wetter nicht zum Fliegen einladen, bietet die Stadt in n\u00e4herer Umgebung (das sind bis 100 km) hinreichend M\u00f6glichkeiten zum erweiterten Kennenlernen des Landes. In der Stadt selbst beschreibt die Moffat-Mission die Gr\u00fcndungsphase des Ortes. \u00c4hnliches kann man beim Besuch der \u201eWonderwerk Cave\u201c erfahren. Dar\u00fcber hinaus bieten mehrere Lodges in unmittelbarer Umgebung Safaris mit &#8230; <span class=\"more\"><a class=\"more-link\" href=\"http:\/\/kuruman-gliding-camp.de\/?page_id=44\">[Read more&#8230;]<\/a><\/span><\/p>\n","protected":false},"author":1,"featured_media":0,"parent":0,"menu_order":0,"comment_status":"closed","ping_status":"closed","template":"","meta":[],"_links":{"self":[{"href":"http:\/\/kuruman-gliding-camp.de\/index.php?rest_route=\/wp\/v2\/pages\/44"}],"collection":[{"href":"http:\/\/kuruman-gliding-camp.de\/index.php?rest_route=\/wp\/v2\/pages"}],"about":[{"href":"http:\/\/kuruman-gliding-camp.de\/index.php?rest_route=\/wp\/v2\/types\/page"}],"author":[{"embeddable":true,"href":"http:\/\/kuruman-gliding-camp.de\/index.php?rest_route=\/wp\/v2\/users\/1"}],"replies":[{"embeddable":true,"href":"http:\/\/kuruman-gliding-camp.de\/index.php?rest_route=%2Fwp%2Fv2%2Fcomments&post=44"}],"version-history":[{"count":3,"href":"http:\/\/kuruman-gliding-camp.de\/index.php?rest_route=\/wp\/v2\/pages\/44\/revisions"}],"predecessor-version":[{"id":208,"href":"http:\/\/kuruman-gliding-camp.de\/index.php?rest_route=\/wp\/v2\/pages\/44\/revisions\/208"}],"wp:attachment":[{"href":"http:\/\/kuruman-gliding-camp.de\/index.php?rest_route=%2Fwp%2Fv2%2Fmedia&parent=44"}],"curies":[{"name":"wp","href":"https:\/\/api.w.org\/{rel}","templated":true}]}}