{"id":42,"date":"2014-10-31T15:07:17","date_gmt":"2014-10-31T13:07:17","guid":{"rendered":"http:\/\/kuruman-gliding-camp.de\/wp\/?page_id=42"},"modified":"2014-10-31T23:23:16","modified_gmt":"2014-10-31T21:23:16","slug":"einkaufsmoeglichkeiten","status":"publish","type":"page","link":"http:\/\/kuruman-gliding-camp.de\/?page_id=42","title":{"rendered":"Einkaufsm\u00f6glichkeiten"},"content":{"rendered":"<p>Die meisten \u00dcbernachtungsm\u00f6glichkeiten haben gleichzeitig auch ein Restaurant.<br \/>\nZus\u00e4tzlich gibt es eine Vielzahl von weiteren gastronomischen M\u00f6glichkeiten in allen Preislagen.<\/p>\n<p>F\u00fcr \u201eSelfcatering-ambitionierte\u201c Teams gibt es in Kuruman zwei erstklassische Malls, in denen neben dem europ\u00e4ischen Standard auch afrikanische Spezialit\u00e4ten zu haben sind.<br \/>\nDar\u00fcber hinaus gibt es einen excellenten Butcher (Fleischerei), in der ungeahnte Spezialit\u00e4ten vom afrikanischen Rind, dem ungew\u00f6hnlich leckeren Lamm und sonstigen afrikanischen Wildtieren -Springbock, Kudu und Ostrich (Strau\u00df) auf Bestellung zu haben sind.<\/p>\n<p><a href=\"http:\/\/kuruman-gliding-camp.de\/wp-content\/uploads\/2014\/10\/Bild-2-60.jpg\"><img decoding=\"async\" loading=\"lazy\" class=\"alignnone size-full wp-image-131\" src=\"http:\/\/kuruman-gliding-camp.de\/wp-content\/uploads\/2014\/10\/Bild-2-60.jpg\" alt=\"Bild-2-60\" width=\"400\" height=\"300\" srcset=\"http:\/\/kuruman-gliding-camp.de\/wp-content\/uploads\/2014\/10\/Bild-2-60.jpg 400w, http:\/\/kuruman-gliding-camp.de\/wp-content\/uploads\/2014\/10\/Bild-2-60-150x112.jpg 150w\" sizes=\"(max-width: 400px) 100vw, 400px\" \/><\/a><\/p>\n<p><a href=\"http:\/\/kuruman-gliding-camp.de\/wp-content\/uploads\/2014\/10\/Bild-2-70.jpg\"><img decoding=\"async\" loading=\"lazy\" class=\"alignnone size-full wp-image-132\" src=\"http:\/\/kuruman-gliding-camp.de\/wp-content\/uploads\/2014\/10\/Bild-2-70.jpg\" alt=\"Bild-2-70\" width=\"560\" height=\"420\" srcset=\"http:\/\/kuruman-gliding-camp.de\/wp-content\/uploads\/2014\/10\/Bild-2-70.jpg 560w, http:\/\/kuruman-gliding-camp.de\/wp-content\/uploads\/2014\/10\/Bild-2-70-150x112.jpg 150w\" sizes=\"(max-width: 560px) 100vw, 560px\" \/><\/a><\/p>\n<p><a href=\"http:\/\/kuruman-gliding-camp.de\/wp-content\/uploads\/2014\/10\/Bild-2-80.jpg\"><img decoding=\"async\" loading=\"lazy\" class=\"alignnone size-full wp-image-133\" src=\"http:\/\/kuruman-gliding-camp.de\/wp-content\/uploads\/2014\/10\/Bild-2-80.jpg\" alt=\"Bild-2-80\" width=\"500\" height=\"375\" srcset=\"http:\/\/kuruman-gliding-camp.de\/wp-content\/uploads\/2014\/10\/Bild-2-80.jpg 500w, http:\/\/kuruman-gliding-camp.de\/wp-content\/uploads\/2014\/10\/Bild-2-80-150x112.jpg 150w\" sizes=\"(max-width: 500px) 100vw, 500px\" \/><\/a><\/p>\n<p><a href=\"http:\/\/kuruman-gliding-camp.de\/wp-content\/uploads\/2014\/10\/Bild-2-90.jpg\"><img decoding=\"async\" loading=\"lazy\" class=\"alignnone size-full wp-image-134\" src=\"http:\/\/kuruman-gliding-camp.de\/wp-content\/uploads\/2014\/10\/Bild-2-90.jpg\" alt=\"Bild-2-90\" width=\"500\" height=\"375\" srcset=\"http:\/\/kuruman-gliding-camp.de\/wp-content\/uploads\/2014\/10\/Bild-2-90.jpg 500w, http:\/\/kuruman-gliding-camp.de\/wp-content\/uploads\/2014\/10\/Bild-2-90-150x112.jpg 150w\" sizes=\"(max-width: 500px) 100vw, 500px\" \/><\/a><\/p>\n<p><a href=\"http:\/\/kuruman-gliding-camp.de\/wp-content\/uploads\/2014\/10\/Bild-2-100.jpg\"><img decoding=\"async\" loading=\"lazy\" class=\"alignnone size-full wp-image-135\" src=\"http:\/\/kuruman-gliding-camp.de\/wp-content\/uploads\/2014\/10\/Bild-2-100.jpg\" alt=\"Bild-2-100\" width=\"512\" height=\"384\" srcset=\"http:\/\/kuruman-gliding-camp.de\/wp-content\/uploads\/2014\/10\/Bild-2-100.jpg 512w, http:\/\/kuruman-gliding-camp.de\/wp-content\/uploads\/2014\/10\/Bild-2-100-150x112.jpg 150w\" sizes=\"(max-width: 512px) 100vw, 512px\" \/><\/a><\/p>\n","protected":false},"excerpt":{"rendered":"<p>Die meisten \u00dcbernachtungsm\u00f6glichkeiten haben gleichzeitig auch ein Restaurant. Zus\u00e4tzlich gibt es eine Vielzahl von weiteren gastronomischen M\u00f6glichkeiten in allen Preislagen. F\u00fcr \u201eSelfcatering-ambitionierte\u201c Teams gibt es in Kuruman zwei erstklassische Malls, in denen neben dem europ\u00e4ischen Standard auch afrikanische Spezialit\u00e4ten zu haben sind. Dar\u00fcber hinaus gibt es einen excellenten Butcher (Fleischerei), in der ungeahnte Spezialit\u00e4ten vom &#8230; <span class=\"more\"><a class=\"more-link\" href=\"http:\/\/kuruman-gliding-camp.de\/?page_id=42\">[Read more&#8230;]<\/a><\/span><\/p>\n","protected":false},"author":1,"featured_media":0,"parent":0,"menu_order":0,"comment_status":"closed","ping_status":"closed","template":"","meta":[],"_links":{"self":[{"href":"http:\/\/kuruman-gliding-camp.de\/index.php?rest_route=\/wp\/v2\/pages\/42"}],"collection":[{"href":"http:\/\/kuruman-gliding-camp.de\/index.php?rest_route=\/wp\/v2\/pages"}],"about":[{"href":"http:\/\/kuruman-gliding-camp.de\/index.php?rest_route=\/wp\/v2\/types\/page"}],"author":[{"embeddable":true,"href":"http:\/\/kuruman-gliding-camp.de\/index.php?rest_route=\/wp\/v2\/users\/1"}],"replies":[{"embeddable":true,"href":"http:\/\/kuruman-gliding-camp.de\/index.php?rest_route=%2Fwp%2Fv2%2Fcomments&post=42"}],"version-history":[{"count":4,"href":"http:\/\/kuruman-gliding-camp.de\/index.php?rest_route=\/wp\/v2\/pages\/42\/revisions"}],"predecessor-version":[{"id":199,"href":"http:\/\/kuruman-gliding-camp.de\/index.php?rest_route=\/wp\/v2\/pages\/42\/revisions\/199"}],"wp:attachment":[{"href":"http:\/\/kuruman-gliding-camp.de\/index.php?rest_route=%2Fwp%2Fv2%2Fmedia&parent=42"}],"curies":[{"name":"wp","href":"https:\/\/api.w.org\/{rel}","templated":true}]}}