{"id":34,"date":"2014-10-31T15:05:51","date_gmt":"2014-10-31T13:05:51","guid":{"rendered":"http:\/\/kuruman-gliding-camp.de\/wp\/?page_id=34"},"modified":"2014-10-31T23:28:53","modified_gmt":"2014-10-31T21:28:53","slug":"landebahnen","status":"publish","type":"page","link":"http:\/\/kuruman-gliding-camp.de\/?page_id=34","title":{"rendered":"Landebahnen"},"content":{"rendered":"<p><a href=\"http:\/\/kuruman-gliding-camp.de\/wp-content\/uploads\/2014\/10\/Bild-1-20.jpg\"><img decoding=\"async\" loading=\"lazy\" class=\"alignleft size-full wp-image-95\" src=\"http:\/\/kuruman-gliding-camp.de\/wp-content\/uploads\/2014\/10\/Bild-1-20.jpg\" alt=\"Bild-1-20\" width=\"645\" height=\"411\" srcset=\"http:\/\/kuruman-gliding-camp.de\/wp-content\/uploads\/2014\/10\/Bild-1-20.jpg 645w, http:\/\/kuruman-gliding-camp.de\/wp-content\/uploads\/2014\/10\/Bild-1-20-150x95.jpg 150w\" sizes=\"(max-width: 645px) 100vw, 645px\" \/><\/a><\/p>\n<p>Die asphaltierte Hauptbahn ist <strong>1.600 m<\/strong> lang und <strong>20 m<\/strong> breit. Rechts und links ist in <strong>20-30 m<\/strong> teilweise Buschbewuchs. Die Landerichtung ist 20\/02.<br \/>\nEs gibt eine erdbodengleiche Landebahnbefeuerung welche nach Sunset automatisch einschaltet.<br \/>\nEine unbefestigte,ebene Querbahn, Landerichtung 28\/10, ist nur westlich der Hauptbahn nutzbar. Die L\u00e4nge betr\u00e4gt 450 m, die Breite leider nur 30-35 m. F\u00fcr die Flugzeuge der offenen Klasse ist das anspruchsvoll!<\/p>\n<ul>\n<li>Frequenz: 124,8 MHz<\/li>\n<li>Koordinaten: S27\u00b027\u201824\u201c E23\u00b024\u201841\u201c<\/li>\n<\/ul>\n<p>Vor Ort gibt es eine Tankstelle f\u00fcr AVGAS<br \/>\nWasser und Elt-Anschlu\u00df sind im bebauten Vorfeld vorhanden.<\/p>\n<p>Die Abstellung der Segelflugzeuge erfolgt in unmittelbarer N\u00e4he der Camp-Basis, entweder parallel \u00f6stlich der Landebahn oder neben dem Runway zur Abstellfl\u00e4che des Airfields.<\/p>\n<p>Die Bef\u00fcllung der Sauerstoffflaschen f\u00fcr die Flugzeuge ist durch eine campeigene Sauerstoffanlage sicher gestellt.<\/p>\n<p><a href=\"http:\/\/kuruman-gliding-camp.de\/wp-content\/uploads\/2014\/10\/Bild-1-30.jpg\"><img decoding=\"async\" loading=\"lazy\" class=\"alignnone size-full wp-image-96\" src=\"http:\/\/kuruman-gliding-camp.de\/wp-content\/uploads\/2014\/10\/Bild-1-30.jpg\" alt=\"Bild-1-30\" width=\"640\" height=\"480\" srcset=\"http:\/\/kuruman-gliding-camp.de\/wp-content\/uploads\/2014\/10\/Bild-1-30.jpg 640w, http:\/\/kuruman-gliding-camp.de\/wp-content\/uploads\/2014\/10\/Bild-1-30-150x112.jpg 150w\" sizes=\"(max-width: 640px) 100vw, 640px\" \/><\/a><\/p>\n<p><a href=\"http:\/\/kuruman-gliding-camp.de\/wp-content\/uploads\/2014\/10\/Bild-1-40.jpg\"><img decoding=\"async\" loading=\"lazy\" class=\"alignnone size-full wp-image-97\" src=\"http:\/\/kuruman-gliding-camp.de\/wp-content\/uploads\/2014\/10\/Bild-1-40.jpg\" alt=\"Bild-1-40\" width=\"800\" height=\"600\" srcset=\"http:\/\/kuruman-gliding-camp.de\/wp-content\/uploads\/2014\/10\/Bild-1-40.jpg 800w, http:\/\/kuruman-gliding-camp.de\/wp-content\/uploads\/2014\/10\/Bild-1-40-150x112.jpg 150w\" sizes=\"(max-width: 800px) 100vw, 800px\" \/><\/a><\/p>\n","protected":false},"excerpt":{"rendered":"<p>Die asphaltierte Hauptbahn ist 1.600 m lang und 20 m breit. Rechts und links ist in 20-30 m teilweise Buschbewuchs. Die Landerichtung ist 20\/02. Es gibt eine erdbodengleiche Landebahnbefeuerung welche nach Sunset automatisch einschaltet. Eine unbefestigte,ebene Querbahn, Landerichtung 28\/10, ist nur westlich der Hauptbahn nutzbar. Die L\u00e4nge betr\u00e4gt 450 m, die Breite leider nur 30-35 &#8230; <span class=\"more\"><a class=\"more-link\" href=\"http:\/\/kuruman-gliding-camp.de\/?page_id=34\">[Read more&#8230;]<\/a><\/span><\/p>\n","protected":false},"author":1,"featured_media":0,"parent":0,"menu_order":0,"comment_status":"closed","ping_status":"closed","template":"","meta":[],"_links":{"self":[{"href":"http:\/\/kuruman-gliding-camp.de\/index.php?rest_route=\/wp\/v2\/pages\/34"}],"collection":[{"href":"http:\/\/kuruman-gliding-camp.de\/index.php?rest_route=\/wp\/v2\/pages"}],"about":[{"href":"http:\/\/kuruman-gliding-camp.de\/index.php?rest_route=\/wp\/v2\/types\/page"}],"author":[{"embeddable":true,"href":"http:\/\/kuruman-gliding-camp.de\/index.php?rest_route=\/wp\/v2\/users\/1"}],"replies":[{"embeddable":true,"href":"http:\/\/kuruman-gliding-camp.de\/index.php?rest_route=%2Fwp%2Fv2%2Fcomments&post=34"}],"version-history":[{"count":8,"href":"http:\/\/kuruman-gliding-camp.de\/index.php?rest_route=\/wp\/v2\/pages\/34\/revisions"}],"predecessor-version":[{"id":209,"href":"http:\/\/kuruman-gliding-camp.de\/index.php?rest_route=\/wp\/v2\/pages\/34\/revisions\/209"}],"wp:attachment":[{"href":"http:\/\/kuruman-gliding-camp.de\/index.php?rest_route=%2Fwp%2Fv2%2Fmedia&parent=34"}],"curies":[{"name":"wp","href":"https:\/\/api.w.org\/{rel}","templated":true}]}}