{"id":32,"date":"2014-10-31T15:05:42","date_gmt":"2014-10-31T13:05:42","guid":{"rendered":"http:\/\/kuruman-gliding-camp.de\/wp\/?page_id=32"},"modified":"2014-10-31T23:27:29","modified_gmt":"2014-10-31T21:27:29","slug":"flugplatz","status":"publish","type":"page","link":"http:\/\/kuruman-gliding-camp.de\/?page_id=32","title":{"rendered":"Flugplatz"},"content":{"rendered":"<p><strong>Airfield Johan Pienaar<\/strong><\/p>\n<p><a href=\"http:\/\/kuruman-gliding-camp.de\/wp-content\/uploads\/2014\/10\/Bild-1-10.jpg\"><img decoding=\"async\" loading=\"lazy\" class=\"alignleft size-full wp-image-85\" src=\"http:\/\/kuruman-gliding-camp.de\/wp-content\/uploads\/2014\/10\/Bild-1-10.jpg\" alt=\"Bild-1-10\" width=\"240\" height=\"320\" srcset=\"http:\/\/kuruman-gliding-camp.de\/wp-content\/uploads\/2014\/10\/Bild-1-10.jpg 240w, http:\/\/kuruman-gliding-camp.de\/wp-content\/uploads\/2014\/10\/Bild-1-10-112x150.jpg 112w\" sizes=\"(max-width: 240px) 100vw, 240px\" \/><\/a><\/p>\n<p>Der Flugplatz ist ein \u00f6ffentlicher, nicht kontrollierter Verkehrslandeplatz. Er wird unregelm\u00e4\u00dfig von kleineren und mittleren Verkehrsmaschinen mit bis zu 30 Pl\u00e4tzen angeflogen. Es handelt sich dabei insbesondere um Business-Fl\u00fcge f\u00fcr das Management der ans\u00e4ssigen Mienengesellschaften.<\/p>\n<p><a href=\"http:\/\/kuruman-gliding-camp.de\/wp-content\/uploads\/2014\/10\/Bild-1-11.jpg\"><img decoding=\"async\" loading=\"lazy\" class=\"alignnone size-full wp-image-86\" src=\"http:\/\/kuruman-gliding-camp.de\/wp-content\/uploads\/2014\/10\/Bild-1-11.jpg\" alt=\"Bild-1-11\" width=\"640\" height=\"480\" srcset=\"http:\/\/kuruman-gliding-camp.de\/wp-content\/uploads\/2014\/10\/Bild-1-11.jpg 640w, http:\/\/kuruman-gliding-camp.de\/wp-content\/uploads\/2014\/10\/Bild-1-11-150x112.jpg 150w\" sizes=\"(max-width: 640px) 100vw, 640px\" \/><\/a><\/p>\n<p><a href=\"http:\/\/kuruman-gliding-camp.de\/wp-content\/uploads\/2014\/10\/Bild-1-12.jpg\"><img decoding=\"async\" loading=\"lazy\" class=\"alignnone wp-image-87 size-full\" src=\"http:\/\/kuruman-gliding-camp.de\/wp-content\/uploads\/2014\/10\/Bild-1-12.jpg\" alt=\"Bild-1-12\" width=\"640\" height=\"480\" srcset=\"http:\/\/kuruman-gliding-camp.de\/wp-content\/uploads\/2014\/10\/Bild-1-12.jpg 640w, http:\/\/kuruman-gliding-camp.de\/wp-content\/uploads\/2014\/10\/Bild-1-12-150x112.jpg 150w\" sizes=\"(max-width: 640px) 100vw, 640px\" \/><\/a><\/p>\n","protected":false},"excerpt":{"rendered":"<p>Airfield Johan Pienaar Der Flugplatz ist ein \u00f6ffentlicher, nicht kontrollierter Verkehrslandeplatz. Er wird unregelm\u00e4\u00dfig von kleineren und mittleren Verkehrsmaschinen mit bis zu 30 Pl\u00e4tzen angeflogen. Es handelt sich dabei insbesondere um Business-Fl\u00fcge f\u00fcr das Management der ans\u00e4ssigen Mienengesellschaften.<\/p>\n","protected":false},"author":1,"featured_media":0,"parent":0,"menu_order":0,"comment_status":"closed","ping_status":"closed","template":"","meta":[],"_links":{"self":[{"href":"http:\/\/kuruman-gliding-camp.de\/index.php?rest_route=\/wp\/v2\/pages\/32"}],"collection":[{"href":"http:\/\/kuruman-gliding-camp.de\/index.php?rest_route=\/wp\/v2\/pages"}],"about":[{"href":"http:\/\/kuruman-gliding-camp.de\/index.php?rest_route=\/wp\/v2\/types\/page"}],"author":[{"embeddable":true,"href":"http:\/\/kuruman-gliding-camp.de\/index.php?rest_route=\/wp\/v2\/users\/1"}],"replies":[{"embeddable":true,"href":"http:\/\/kuruman-gliding-camp.de\/index.php?rest_route=%2Fwp%2Fv2%2Fcomments&post=32"}],"version-history":[{"count":6,"href":"http:\/\/kuruman-gliding-camp.de\/index.php?rest_route=\/wp\/v2\/pages\/32\/revisions"}],"predecessor-version":[{"id":206,"href":"http:\/\/kuruman-gliding-camp.de\/index.php?rest_route=\/wp\/v2\/pages\/32\/revisions\/206"}],"wp:attachment":[{"href":"http:\/\/kuruman-gliding-camp.de\/index.php?rest_route=%2Fwp%2Fv2%2Fmedia&parent=32"}],"curies":[{"name":"wp","href":"https:\/\/api.w.org\/{rel}","templated":true}]}}