{"id":30,"date":"2014-10-31T15:05:24","date_gmt":"2014-10-31T13:05:24","guid":{"rendered":"http:\/\/kuruman-gliding-camp.de\/wp\/?page_id=30"},"modified":"2014-10-31T23:24:21","modified_gmt":"2014-10-31T21:24:21","slug":"camp","status":"publish","type":"page","link":"http:\/\/kuruman-gliding-camp.de\/?page_id=30","title":{"rendered":"Camp"},"content":{"rendered":"<p>Dem Kuruman Gliding Camp steht eine der vorhandenen Flugzeughallen als Basislager zur Verf\u00fcgung.<\/p>\n<p>Dazu geh\u00f6rt ein kleiner Briefingraum, Minik\u00fcche und Sanit\u00e4rteil, ein m\u00f6blierter gro\u00dfz\u00fcgiger Freisitz mit Grillplatz.<\/p>\n<p><a href=\"http:\/\/kuruman-gliding-camp.de\/wp-content\/uploads\/2014\/10\/Bild-1-50.jpg\"><img decoding=\"async\" loading=\"lazy\" class=\"alignnone size-full wp-image-102\" src=\"http:\/\/kuruman-gliding-camp.de\/wp-content\/uploads\/2014\/10\/Bild-1-50.jpg\" alt=\"Bild-1-50\" width=\"819\" height=\"614\" srcset=\"http:\/\/kuruman-gliding-camp.de\/wp-content\/uploads\/2014\/10\/Bild-1-50.jpg 819w, http:\/\/kuruman-gliding-camp.de\/wp-content\/uploads\/2014\/10\/Bild-1-50-150x112.jpg 150w\" sizes=\"(max-width: 819px) 100vw, 819px\" \/><\/a><\/p>\n<p><a href=\"http:\/\/kuruman-gliding-camp.de\/wp-content\/uploads\/2014\/10\/Bild-1-60.jpg\"><img decoding=\"async\" loading=\"lazy\" class=\"alignnone size-full wp-image-103\" src=\"http:\/\/kuruman-gliding-camp.de\/wp-content\/uploads\/2014\/10\/Bild-1-60.jpg\" alt=\"Bild-1-60\" width=\"640\" height=\"480\" srcset=\"http:\/\/kuruman-gliding-camp.de\/wp-content\/uploads\/2014\/10\/Bild-1-60.jpg 640w, http:\/\/kuruman-gliding-camp.de\/wp-content\/uploads\/2014\/10\/Bild-1-60-150x112.jpg 150w\" sizes=\"(max-width: 640px) 100vw, 640px\" \/><\/a><\/p>\n<p><a href=\"http:\/\/kuruman-gliding-camp.de\/wp-content\/uploads\/2014\/10\/Bild-1-70.jpg\"><img decoding=\"async\" loading=\"lazy\" class=\"alignnone size-full wp-image-104\" src=\"http:\/\/kuruman-gliding-camp.de\/wp-content\/uploads\/2014\/10\/Bild-1-70.jpg\" alt=\"Bild-1-70\" width=\"602\" height=\"400\" srcset=\"http:\/\/kuruman-gliding-camp.de\/wp-content\/uploads\/2014\/10\/Bild-1-70.jpg 602w, http:\/\/kuruman-gliding-camp.de\/wp-content\/uploads\/2014\/10\/Bild-1-70-150x99.jpg 150w\" sizes=\"(max-width: 602px) 100vw, 602px\" \/><\/a><\/p>\n<p><a href=\"http:\/\/kuruman-gliding-camp.de\/wp-content\/uploads\/2014\/10\/Bild-1-80.jpg\"><img decoding=\"async\" loading=\"lazy\" class=\"alignnone size-full wp-image-105\" src=\"http:\/\/kuruman-gliding-camp.de\/wp-content\/uploads\/2014\/10\/Bild-1-80.jpg\" alt=\"Bild-1-80\" width=\"640\" height=\"480\" srcset=\"http:\/\/kuruman-gliding-camp.de\/wp-content\/uploads\/2014\/10\/Bild-1-80.jpg 640w, http:\/\/kuruman-gliding-camp.de\/wp-content\/uploads\/2014\/10\/Bild-1-80-150x112.jpg 150w\" sizes=\"(max-width: 640px) 100vw, 640px\" \/><\/a><\/p>\n<p><a href=\"http:\/\/kuruman-gliding-camp.de\/wp-content\/uploads\/2014\/10\/Bild-1-90.jpg\"><img decoding=\"async\" loading=\"lazy\" class=\"alignnone size-full wp-image-106\" src=\"http:\/\/kuruman-gliding-camp.de\/wp-content\/uploads\/2014\/10\/Bild-1-90.jpg\" alt=\"Bild-1-90\" width=\"560\" height=\"420\" srcset=\"http:\/\/kuruman-gliding-camp.de\/wp-content\/uploads\/2014\/10\/Bild-1-90.jpg 560w, http:\/\/kuruman-gliding-camp.de\/wp-content\/uploads\/2014\/10\/Bild-1-90-150x112.jpg 150w\" sizes=\"(max-width: 560px) 100vw, 560px\" \/><\/a><\/p>\n<p><a href=\"http:\/\/kuruman-gliding-camp.de\/wp-content\/uploads\/2014\/10\/Bild-1-100.jpg\"><img decoding=\"async\" loading=\"lazy\" class=\"alignnone size-full wp-image-107\" src=\"http:\/\/kuruman-gliding-camp.de\/wp-content\/uploads\/2014\/10\/Bild-1-100.jpg\" alt=\"Bild-1-100\" width=\"640\" height=\"480\" srcset=\"http:\/\/kuruman-gliding-camp.de\/wp-content\/uploads\/2014\/10\/Bild-1-100.jpg 640w, http:\/\/kuruman-gliding-camp.de\/wp-content\/uploads\/2014\/10\/Bild-1-100-150x112.jpg 150w\" sizes=\"(max-width: 640px) 100vw, 640px\" \/><\/a><\/p>\n","protected":false},"excerpt":{"rendered":"<p>Dem Kuruman Gliding Camp steht eine der vorhandenen Flugzeughallen als Basislager zur Verf\u00fcgung. Dazu geh\u00f6rt ein kleiner Briefingraum, Minik\u00fcche und Sanit\u00e4rteil, ein m\u00f6blierter gro\u00dfz\u00fcgiger Freisitz mit Grillplatz.<\/p>\n","protected":false},"author":1,"featured_media":0,"parent":0,"menu_order":0,"comment_status":"closed","ping_status":"closed","template":"","meta":[],"_links":{"self":[{"href":"http:\/\/kuruman-gliding-camp.de\/index.php?rest_route=\/wp\/v2\/pages\/30"}],"collection":[{"href":"http:\/\/kuruman-gliding-camp.de\/index.php?rest_route=\/wp\/v2\/pages"}],"about":[{"href":"http:\/\/kuruman-gliding-camp.de\/index.php?rest_route=\/wp\/v2\/types\/page"}],"author":[{"embeddable":true,"href":"http:\/\/kuruman-gliding-camp.de\/index.php?rest_route=\/wp\/v2\/users\/1"}],"replies":[{"embeddable":true,"href":"http:\/\/kuruman-gliding-camp.de\/index.php?rest_route=%2Fwp%2Fv2%2Fcomments&post=30"}],"version-history":[{"count":4,"href":"http:\/\/kuruman-gliding-camp.de\/index.php?rest_route=\/wp\/v2\/pages\/30\/revisions"}],"predecessor-version":[{"id":202,"href":"http:\/\/kuruman-gliding-camp.de\/index.php?rest_route=\/wp\/v2\/pages\/30\/revisions\/202"}],"wp:attachment":[{"href":"http:\/\/kuruman-gliding-camp.de\/index.php?rest_route=%2Fwp%2Fv2%2Fmedia&parent=30"}],"curies":[{"name":"wp","href":"https:\/\/api.w.org\/{rel}","templated":true}]}}